{"id":1611,"date":"2025-03-27T11:07:05","date_gmt":"2025-03-27T11:07:05","guid":{"rendered":"https:\/\/icechill.eu\/?page_id=1611"},"modified":"2025-09-01T13:24:57","modified_gmt":"2025-09-01T13:24:57","slug":"products","status":"publish","type":"page","link":"https:\/\/icechill.eu\/es\/products\/","title":{"rendered":"Productos"},"content":{"rendered":"<p>[et_pb_section fb_built=&#8221;1&#8243; _builder_version=&#8221;4.27.4&#8243; _module_preset=&#8221;default&#8221; use_background_color_gradient=&#8221;on&#8221; background_color_gradient_stops=&#8221;rgba(0,0,0,0.65) 0%|rgba(0,0,0,0.65) 100%&#8221; background_color_gradient_overlays_image=&#8221;on&#8221; background_image=&#8221;https:\/\/icechill.eu\/wp-content\/uploads\/2025\/07\/icecubs-1-scaled.webp&#8221; background_enable_image=&#8221;on&#8221; max_width=&#8221;100%&#8221; module_alignment=&#8221;center&#8221; custom_padding=&#8221;|20px||20px|false|true&#8221; hover_enabled=&#8221;0&#8243; global_colors_info=&#8221;{}&#8221; sticky_enabled=&#8221;0&#8243;][et_pb_row _builder_version=&#8221;4.27.4&#8243; _module_preset=&#8221;default&#8221; background_enable_image=&#8221;off&#8221; max_width=&#8221;1180px&#8221; module_alignment=&#8221;center&#8221; custom_margin=&#8221;||||false|true&#8221; custom_padding=&#8221;60px|30px|60px|30px|true|true&#8221; hover_enabled=&#8221;0&#8243; global_colors_info=&#8221;{}&#8221; sticky_enabled=&#8221;0&#8243;][et_pb_column type=&#8221;4_4&#8243; _builder_version=&#8221;4.27.4&#8243; _module_preset=&#8221;default&#8221; global_colors_info=&#8221;{}&#8221;][et_pb_heading title=&#8221;Discover our products&#8221; _builder_version=&#8221;4.27.4&#8243; _module_preset=&#8221;default&#8221; title_font=&#8221;|600|||||||&#8221; title_text_align=&#8221;left&#8221; title_text_color=&#8221;#FFFFFF&#8221; title_font_size=&#8221;90px&#8221; max_width=&#8221;1180px&#8221; custom_margin=&#8221;||30px||false|false&#8221; custom_padding=&#8221;||||false|false&#8221; title_font_size_tablet=&#8221;50px&#8221; title_font_size_phone=&#8221;50px&#8221; title_font_size_last_edited=&#8221;on|desktop&#8221; global_colors_info=&#8221;{}&#8221;][\/et_pb_heading][et_pb_text _builder_version=&#8221;4.27.4&#8243; _module_preset=&#8221;default&#8221; text_text_color=&#8221;#FFFFFF&#8221; text_font_size=&#8221;18px&#8221; header_text_align=&#8221;center&#8221; text_orientation=&#8221;center&#8221; max_width=&#8221;1180px&#8221; global_colors_info=&#8221;{}&#8221;]<\/p>\n<p style=\"text-align: left;\">Descubre nuestras ba\u00f1eras de hielo premium, accesorios, sistemas de filtraci\u00f3n y m\u00e1s \u2014 dise\u00f1ados para una recuperaci\u00f3n y bienestar m\u00e1ximos.<\/p>\n<p>[\/et_pb_text][\/et_pb_column][\/et_pb_row][\/et_pb_section][et_pb_section fb_built=&#8221;1&#8243; _builder_version=&#8221;4.27.4&#8243; _module_preset=&#8221;default&#8221; custom_padding=&#8221;|30px||30px|false|true&#8221; global_colors_info=&#8221;{}&#8221;][et_pb_row _builder_version=&#8221;4.27.4&#8243; _module_preset=&#8221;default&#8221; global_colors_info=&#8221;{}&#8221;][et_pb_column type=&#8221;4_4&#8243; _builder_version=&#8221;4.27.4&#8243; _module_preset=&#8221;default&#8221; global_colors_info=&#8221;{}&#8221;][et_pb_shop columns_number=&#8221;2&#8243; orderby=&#8221;price-desc&#8221; icon_hover_color=&#8221;#27593d&#8221; hover_icon=&#8221;&#x55;||divi||400&#8243; show_rating=&#8221;off&#8221; admin_label=&#8221;Woo Products&#8221; _builder_version=&#8221;4.27.4&#8243; _module_preset=&#8221;default&#8221; title_font=&#8221;|700|||||||&#8221; title_font_size=&#8221;16px&#8221; title_letter_spacing=&#8221;1px&#8221; title_line_height=&#8221;1.5em&#8221; custom_margin=&#8221;0px|0px|0px|0px|false|false&#8221; custom_padding=&#8221;0px|20px||20px|false|false&#8221; hover_enabled=&#8221;0&#8243; custom_css_free_form=&#8221;span.et_shop_image {||    height: 260px;||}||.attachment-woocommerce_thumbnail{||    height: 100% !important;||    object-fit: cover;||}||||@media (max-width:425px){||  span.et_shop_image {||    height: 170px;||}||}&#8221; border_radii_image=&#8221;on|10px|10px|10px|10px&#8221; global_colors_info=&#8221;{}&#8221; sticky_enabled=&#8221;0&#8243;][\/et_pb_shop][\/et_pb_column][\/et_pb_row][\/et_pb_section]<\/p>","protected":false},"excerpt":{"rendered":"<p>Descubre nuestras ba\u00f1eras de hielo premium, accesorios, sistemas de filtraci\u00f3n y m\u00e1s \u2014 dise\u00f1ados para una recuperaci\u00f3n y bienestar m\u00e1ximos.<\/p>","protected":false},"author":1,"featured_media":0,"parent":0,"menu_order":0,"comment_status":"closed","ping_status":"closed","template":"","meta":{"_et_pb_use_builder":"on","_et_pb_old_content":"<!-- wp:divi\/placeholder \/-->","_et_gb_content_width":"","content-type":"","footnotes":""},"class_list":["post-1611","page","type-page","status-publish","hentry"],"_links":{"self":[{"href":"https:\/\/icechill.eu\/es\/wp-json\/wp\/v2\/pages\/1611","targetHints":{"allow":["GET"]}}],"collection":[{"href":"https:\/\/icechill.eu\/es\/wp-json\/wp\/v2\/pages"}],"about":[{"href":"https:\/\/icechill.eu\/es\/wp-json\/wp\/v2\/types\/page"}],"author":[{"embeddable":true,"href":"https:\/\/icechill.eu\/es\/wp-json\/wp\/v2\/users\/1"}],"replies":[{"embeddable":true,"href":"https:\/\/icechill.eu\/es\/wp-json\/wp\/v2\/comments?post=1611"}],"version-history":[{"count":25,"href":"https:\/\/icechill.eu\/es\/wp-json\/wp\/v2\/pages\/1611\/revisions"}],"predecessor-version":[{"id":3217,"href":"https:\/\/icechill.eu\/es\/wp-json\/wp\/v2\/pages\/1611\/revisions\/3217"}],"wp:attachment":[{"href":"https:\/\/icechill.eu\/es\/wp-json\/wp\/v2\/media?parent=1611"}],"curies":[{"name":"wp","href":"https:\/\/api.w.org\/{rel}","templated":true}]}}