{"id":3148,"date":"2025-09-01T08:15:55","date_gmt":"2025-09-01T08:15:55","guid":{"rendered":"https:\/\/icechill.eu\/?page_id=3148"},"modified":"2025-09-01T08:35:26","modified_gmt":"2025-09-01T08:35:26","slug":"privacy-policy","status":"publish","type":"page","link":"https:\/\/icechill.eu\/es\/privacy-policy\/","title":{"rendered":"Pol\u00edtica de privacidad"},"content":{"rendered":"<p>[et_pb_section fb_built=&#8221;1&#8243; _builder_version=&#8221;4.27.4&#8243; _module_preset=&#8221;default&#8221; global_colors_info=&#8221;{}&#8221;][et_pb_row _builder_version=&#8221;4.27.4&#8243; _module_preset=&#8221;default&#8221; max_width=&#8221;1180px&#8221; global_colors_info=&#8221;{}&#8221;][et_pb_column type=&#8221;4_4&#8243; _builder_version=&#8221;4.27.4&#8243; _module_preset=&#8221;default&#8221; global_colors_info=&#8221;{}&#8221;][et_pb_heading title=&#8221;Privacy Policy&#8221; _builder_version=&#8221;4.27.4&#8243; _module_preset=&#8221;default&#8221; global_colors_info=&#8221;{}&#8221;][\/et_pb_heading][et_pb_text _builder_version=&#8221;4.27.4&#8243; _module_preset=&#8221;default&#8221; hover_enabled=&#8221;0&#8243; global_colors_info=&#8221;{}&#8221; sticky_enabled=&#8221;0&#8243;]<\/p>\n<p><span dir=\"auto\">El titular del sitio web www.icechill.eu es Zeseis Espa\u00f1a, S.A., as\u00ed como el responsable del tratamiento de datos personales suministrados por sus usuarios.<\/span><\/p>\n<p><span dir=\"auto\">El tratamiento de los datos personales que se realiza a trav\u00e9s del presente sitio web observa lo establecido en el Reglamento (UE) 2016\/679, General de Protecci\u00f3n de Datos, en la Ley Org\u00e1nica 3\/2018, de 5 de diciembre, de Protecci\u00f3n de Datos Personales y con las medidas de seguridad t\u00e9cnicas y organizativas apropiadas para garantizar un nivel de seguridad adecuado al riesgo del tratamiento.<\/span><\/p>\n<h2><span dir=\"auto\">1. Informaci\u00f3n sobre protecci\u00f3n de datos<\/span><\/h2>\n<p><span dir=\"auto\">Si el usuario decide solicitar informaci\u00f3n en nuestro sitio web, se solicitar\u00e1n los datos estrictamente necesarios para la consecuci\u00f3n del fin al cual est\u00e1 destinado nuestro sitio web, que es el de la informaci\u00f3n y promoci\u00f3n de nuestros servicios, todos ellos disponibles en nuestro sitio web. En ning\u00fan caso ser\u00e1n utilizados para finalidades distintas de aquellas para las que han sido voluntariamente introducidos en el sitio web.<\/span><\/p>\n<p><span dir=\"auto\">Los datos personales que el usuario nos proporcione ser\u00e1n tratados, habiendo sido informado de los fines del tratamiento y resto de informaci\u00f3n con anterioridad al hacer clic en el bot\u00f3n \u201cENVIAR\u201d.<\/span><\/p>\n<p><span dir=\"auto\">Los que voluntariamente faciliten sus datos al titular del sitio web por cualquiera de los medios establecidos al efecto en cada momento, han tenido a su disposici\u00f3n de modo transparente y claro, al haber hecho clic en la casilla correspondiente, los siguientes aspectos:<\/span><\/p>\n<p class=\"translation-block\">1.1 El RESPONSABLE del tratamiento es Zeseis Espa\u00f1a, S.A., domicilio en Calle Pr\u00edncipe de Vergara 109, 2\u00aa planta, 28002 Madrid y NIF: A72797939.<\/p>\n<p class=\"translation-block\">1.2 Los FINES del tratamiento son los siguientes:<\/p>\n<p class=\"translation-block\">\u25cf  La gesti\u00f3n de la petici\u00f3n, solicitud o consulta, y el mantenimiento de las relaciones entre el sitio web y sus usuarios.\nAutorizaci\u00f3n inequ\u00edvoca sobre que puedan utilizarse los datos facilitados para remitirle, por cualquier medio de comunicaci\u00f3n, incluidos los electr\u00f3nicos, comunicaciones comerciales, con informaci\u00f3n de inter\u00e9s, y comunicaciones recordatorio, siempre que haya marcado la casilla correspondiente o haya manifestado, por cualquier medio, de modo inequ\u00edvoco su autorizaci\u00f3n.<\/p>\n<p><span dir=\"auto\">\u25cf Informaci\u00f3n para el uso de las cookies para las finalidades concretas y espec\u00edficas informadas en todo momento en la pol\u00edtica de cookies.<\/span><\/p>\n<p class=\"translation-block\">1.3 La BASE JUR\u00cdDICA para el tratamiento se basa en la relaci\u00f3n establecida, en el cumplimiento de obligaciones legales y en su consentimiento inequ\u00edvoco, en caso de haberse prestado. Le informamos de que puede revocar su consentimiento en todo momento, a trav\u00e9s de un medio f\u00e1cil y sencillo. En caso en que se trate de personas de contacto de una persona jur\u00eddica, la base jur\u00eddica del tratamiento es el inter\u00e9s leg\u00edtimo de esta entidad en el mantenimiento de las relaciones con dicha persona jur\u00eddica.<\/p>\n<p class=\"translation-block\">1.4 Le informamos que el PLAZO DE CONSERVACI\u00d3N de sus datos ser\u00e1 el de la vigencia del contrato y tras su finalizaci\u00f3n, en el caso en que sea determinado por la Ley, mientras perdure la obligaci\u00f3n de conservaci\u00f3n y en su caso durante el plazo de prescripci\u00f3n de las acciones correspondientes. CONSERVAREMOS sus datos en el caso en que la base jur\u00eddica sea el consentimiento mientras no revoque su autorizaci\u00f3n, y una vez revocada, se fijar\u00e1 seg\u00fan el criterio de agotar los plazos de prescripci\u00f3n de acciones.<\/p>\n<p class=\"translation-block\">1.5 DESTINATARIOS: no se prev\u00e9n destinatarios de sus datos, salvo obligaci\u00f3n legal.<\/p>\n<p class=\"translation-block\">1.6 Le garantizamos sus DERECHOS de acceder, rectificar o suprimir sus datos, as\u00ed como su derecho de limitaci\u00f3n o portabilidad, seg\u00fan la informaci\u00f3n restante que se ofrece en esta Pol\u00edtica de Privacidad.<\/p>\n<p><span dir=\"auto\">Correo electr\u00f3nico donde puede ejercitar los derechos: info@icechill.eu<\/span><\/p>\n<h2><span dir=\"auto\">2. Informaci\u00f3n sobre los usuarios<\/span><\/h2>\n<p><span dir=\"auto\">S\u00ed registramos sus datos de IP (Internet Protocol) asignado al abonado titular de la l\u00ednea telef\u00f3nica en el momento de la conexi\u00f3n con el presente sitio web, para la finalidad de seguridad y colaboraci\u00f3n con la Justicia. Los datos ser\u00e1n conservados por el prestador de servicios el tiempo marcado por la legislaci\u00f3n vigente.<\/span><\/p>\n<h2><span dir=\"auto\">3. Derechos de Acceso, Rectificaci\u00f3n, Oposici\u00f3n, Supresi\u00f3n, Limitaci\u00f3n, a no ser objeto de decisiones automatizadas y Portabilidad<\/span><\/h2>\n<p><span dir=\"auto\">En cualquier momento, el usuario tiene derecho a acceder a su informaci\u00f3n, a rectificar si sus datos son err\u00f3neos, a oponerse a alg\u00fan tipo de tratamiento asociado al mantenimiento de la relaci\u00f3n contractual o al inter\u00e9s leg\u00edtimo del responsable del tratamiento, en su caso, a revocar el consentimiento otorgado, a solicitar la limitaci\u00f3n o supresi\u00f3n de su tratamiento, a no verse sometido a decisiones automatizadas, y a darse de baja de los servicios de Zeseis Espa\u00f1a, S.A.<\/span><\/p>\n<p><span dir=\"auto\">Estos derechos pueden hacerse efectivos en las formas y en los plazos establecidos en el Reglamento General de Protecci\u00f3n de Datos, dirigiendo un escrito a la direcci\u00f3n postal que figura en el Aviso legal del sitio web. Puede presentar una reclamaci\u00f3n ante la autoridad de control.<\/span><\/p>\n<p><span dir=\"auto\">El tratamiento de los datos personales y el env\u00edo de comunicaciones por medios electr\u00f3nicos, en su caso, est\u00e1n ajustados a la normativa establecida en el Reglamento General de Protecci\u00f3n de Datos, la Ley Org\u00e1nica 3\/2018, de 5 de diciembre, de Protecci\u00f3n de Datos Personales y en la Ley 34\/2002, de 11 de julio, de Servicios de la Sociedad de la Informaci\u00f3n y de Comercio Electr\u00f3nico.<\/span><\/p>\n<h2><span dir=\"auto\">4. Informaci\u00f3n restante sobre protecci\u00f3n de datos.<\/span><\/h2>\n<p><span dir=\"auto\">La siguiente informaci\u00f3n es informaci\u00f3n ampliada sobre protecci\u00f3n de datos, a disposici\u00f3n en cualquier momento:<\/span><\/p>\n<h3><span dir=\"auto\">INFORMACI\u00d3N CLIENTES<\/span><\/h3>\n<p class=\"translation-block\">Informaci\u00f3n sobre protecci\u00f3n de datos. El responsable del tratamiento es: ZESEIS ESPA\u00d1A, S.A. Los datos personales van a ser tratados para la finalidad de GESTI\u00d3N DE CLIENTES, FACTURACI\u00d3N, MANTENIMIENTO Y COBROS. SERVICIO DE INTERMEDICACI\u00d3N INMOBILIARIA. PROSPECCI\u00d3N COMERCIAL.<\/p>\n<p class=\"translation-block\">La base jur\u00eddica del tratamiento es el acuerdo objeto de la intermediaci\u00f3n inmobiliaria, el cumplimiento de una obligaci\u00f3n legal, el inter\u00e9s leg\u00edtimo en el caso de personas de contacto de personas jur\u00eddicas y el consentimiento, en su caso, revocable en cualquier momento.<\/p>\n<p class=\"translation-block\">El criterio establecido para la conservaci\u00f3n de sus datos es el plazo de prescripci\u00f3n de acciones. En caso en que la base del tratamiento fuese el consentimiento, los datos se conservar\u00e1n hasta la revocaci\u00f3n del consentimiento o la oposici\u00f3n al tratamiento y, posteriormente, durante el plazo de interposici\u00f3n de reclamaciones.<\/p>\n<p class=\"translation-block\">Los destinatarios de sus datos son la administraci\u00f3n tributaria y en su caso contrapartes del negocio jur\u00eddico que se est\u00e1 interviniendo, bancos o entidades financieras o de cr\u00e9dito incluidos los intermediarios, agentes jur\u00eddicos necesarios como notarios y registradores, entidades aseguradoras, gestor\u00edas administrativas.<\/p>\n<p class=\"translation-block\">Tiene a su disposici\u00f3n el ejercicio de los derechos de acceso incluido el derecho a obtener copia de los datos personales objeto de tratamiento, rectificaci\u00f3n, oposici\u00f3n, supresi\u00f3n o borrado en su caso, portabilidad y limitaci\u00f3n del tratamiento, mediante un escrito ante el responsable del tratamiento a la siguiente direcci\u00f3n: Paseo de la Castellana 123, Esc. Izq., Piso 6, Puerta B, 28046 Madrid, Telf: 623734565, E-mail: info@icechill.eu. Tiene derecho a presentar una reclamaci\u00f3n ante la autoridad de control.<\/p>\n<h3><span dir=\"auto\">PROVEEDORES<\/span><\/h3>\n<p class=\"translation-block\">Informaci\u00f3n sobre protecci\u00f3n de datos. El responsable del tratamiento es: ZESEIS ESPA\u00d1A, S.A. Los datos personales van a ser tratados para la finalidad de gesti\u00f3n de proveedores y de pagos. El criterio establecido para la conservaci\u00f3n de sus datos es el plazo de prescripci\u00f3n de acciones.<\/p>\n<p class=\"translation-block\">La base jur\u00eddica del tratamiento es el contrato celebrado, el cumplimiento de obligaciones legales, el inter\u00e9s leg\u00edtimo en el caso de personas de contacto de personas jur\u00eddicas.<\/p>\n<p class=\"translation-block\">Los destinatarios de sus datos son la administraci\u00f3n tributaria y entidades bancarias, en su caso.<\/p>\n<p class=\"translation-block\">Tiene a su disposici\u00f3n el ejercicio de los derechos de acceso incluido el derecho a obtener copia de los datos personales objeto de tratamiento, rectificaci\u00f3n, oposici\u00f3n, supresi\u00f3n o borrado en su caso, portabilidad y limitaci\u00f3n del tratamiento, mediante un escrito ante el responsable del tratamiento a la siguiente direcci\u00f3n: Paseo de la Castellana 123, Esc. Izq., Piso 6, Puerta B, 28046 Madrid, Telf: 623734565, E-mail: info@icechill.eu. Tiene derecho a presentar una reclamaci\u00f3n ante la autoridad de control.<\/p>\n<h3><span dir=\"auto\">REDES SOCIALES<\/span><\/h3>\n<p><span dir=\"auto\"><span class=\"\" dir=\"auto\">Informaci\u00f3n sobre protecci\u00f3n de datos. Los datos de su perfil y todos aquellos suministrados por usted pasan a formar parte de un tratamiento de datos y se le tendr\u00e1 por persona interesada en nuestra empresa. Usted debe saber y al hacerse amigo o seguidor del perfil o cuenta de la empresa que los datos que usted tenga en abierto podr\u00e1n ser tratados por nosotros para la finalidad de informaci\u00f3n sobre la misma o sobre servicios que pueda prestar.<\/span><\/span><\/p>\n<p class=\"translation-block\">Sus datos tambi\u00e9n podr\u00e1n ser consultados por otros miembros que se hayan hecho amigos o agregado a esta empresa, siendo usted quien puede decidir su grado de privacidad en la configuraci\u00f3n de la red social. El responsable del tratamiento es: ZESEIS ESPA\u00d1A, S.A.. La base jur\u00eddica es el consentimiento, que usted asume una vez que ha decidido formar parte de la cuenta, consentimiento que puede revocar en cualquier momento. No se conservar\u00e1n sus datos una vez que usted haya decidido no formar parte de la red, cuenta o perfil de esta entidad.<\/p>\n<p class=\"translation-block\">Destinatarios: podr\u00eda ser cualquier persona, dependiendo del nivel de privacidad que usted haya seleccionado para su perfil y actuaciones en la red social. Derechos: acceso, rectificaci\u00f3n, oposici\u00f3n, supresi\u00f3n o borrado en su caso, portabilidad y limitaci\u00f3n del tratamiento, dir\u00edjase por escrito a Paseo de la Castellana 123, Esc. Izq., Piso 6, Puerta B, 28046 Madrid, Telf: 623734565, E-mail: info@icechill.eu. Tiene derecho a presentar una reclamaci\u00f3n ante la autoridad de control.<\/p>\n<h3><span dir=\"auto\">CANDIDATOS<\/span><\/h3>\n<p class=\"translation-block\">Informaci\u00f3n sobre protecci\u00f3n de datos. El responsable del tratamiento es ZESEIS ESPA\u00d1A, S.A., que la finalidad del tratamiento es la gesti\u00f3n de candidatos a puestos de trabajo que puedan ser ofertados. Sus datos podr\u00e1n ser utilizados con la \u00fanica finalidad de su participaci\u00f3n en los procesos de selecci\u00f3n de personal realizados por esta empresa. En el caso de producirse alguna modificaci\u00f3n en sus datos, debe comunicarlo por escrito. El criterio establecido para la conservaci\u00f3n de sus datos es hasta que revoque el consentimiento o se oponga al tratamiento, y tras \u00e9l, transcurrido el plazo de prescripci\u00f3n de acciones. La base jur\u00eddica del tratamiento nace del consentimiento otorgado, siendo este revocable en cualquier momento. Puede presentar una reclamaci\u00f3n ante la autoridad de control. Tiene a su disposici\u00f3n el ejercicio de los derechos de acceso incluido el derecho a obtener copia de los datos personales objeto de tratamiento, rectificaci\u00f3n, oposici\u00f3n, supresi\u00f3n o borrado en su caso, portabilidad y limitaci\u00f3n del tratamiento, mediante un escrito ante el responsable del tratamiento a la siguiente direcci\u00f3n: Paseo de la Castellana 123, Esc. Izq., Piso 6, Puerta B, 28046 Madrid, Telf: 623734565, E-mail: info@icechill.eu.<\/p>\n<p>[\/et_pb_text][\/et_pb_column][\/et_pb_row][\/et_pb_section]<\/p>","protected":false},"excerpt":{"rendered":"<p>The owner of the website info@icechill.eu is Zeseis Espa\u00f1a, SA, and is responsible for the processing of personal data provided by its users. The processing of personal data carried out through this website complies with the provisions of Regulation (EU) 2016\/679, General Data Protection Regulation, Organic Law 3\/2018, of December 5, on the Protection of [&hellip;]<\/p>","protected":false},"author":1,"featured_media":0,"parent":0,"menu_order":0,"comment_status":"closed","ping_status":"closed","template":"","meta":{"_et_pb_use_builder":"on","_et_pb_old_content":"","_et_gb_content_width":"","content-type":"","footnotes":""},"class_list":["post-3148","page","type-page","status-publish","hentry"],"_links":{"self":[{"href":"https:\/\/icechill.eu\/es\/wp-json\/wp\/v2\/pages\/3148","targetHints":{"allow":["GET"]}}],"collection":[{"href":"https:\/\/icechill.eu\/es\/wp-json\/wp\/v2\/pages"}],"about":[{"href":"https:\/\/icechill.eu\/es\/wp-json\/wp\/v2\/types\/page"}],"author":[{"embeddable":true,"href":"https:\/\/icechill.eu\/es\/wp-json\/wp\/v2\/users\/1"}],"replies":[{"embeddable":true,"href":"https:\/\/icechill.eu\/es\/wp-json\/wp\/v2\/comments?post=3148"}],"version-history":[{"count":3,"href":"https:\/\/icechill.eu\/es\/wp-json\/wp\/v2\/pages\/3148\/revisions"}],"predecessor-version":[{"id":3162,"href":"https:\/\/icechill.eu\/es\/wp-json\/wp\/v2\/pages\/3148\/revisions\/3162"}],"wp:attachment":[{"href":"https:\/\/icechill.eu\/es\/wp-json\/wp\/v2\/media?parent=3148"}],"curies":[{"name":"wp","href":"https:\/\/api.w.org\/{rel}","templated":true}]}}