{"id":3153,"date":"2025-09-01T08:25:07","date_gmt":"2025-09-01T08:25:07","guid":{"rendered":"https:\/\/icechill.eu\/?page_id=3153"},"modified":"2025-09-01T08:25:12","modified_gmt":"2025-09-01T08:25:12","slug":"cookie-policy","status":"publish","type":"page","link":"https:\/\/icechill.eu\/es\/cookie-policy\/","title":{"rendered":"Pol\u00edtica de cookies"},"content":{"rendered":"<p>[et_pb_section fb_built=&#8221;1&#8243; theme_builder_area=&#8221;post_content&#8221; _builder_version=&#8221;4.27.4&#8243; _module_preset=&#8221;default&#8221;][et_pb_row _builder_version=&#8221;4.27.4&#8243; _module_preset=&#8221;default&#8221; theme_builder_area=&#8221;post_content&#8221; max_width=&#8221;1180px&#8221; hover_enabled=&#8221;0&#8243; sticky_enabled=&#8221;0&#8243;][et_pb_column _builder_version=&#8221;4.27.4&#8243; _module_preset=&#8221;default&#8221; type=&#8221;4_4&#8243; theme_builder_area=&#8221;post_content&#8221;][et_pb_heading _builder_version=&#8221;4.27.4&#8243; _module_preset=&#8221;default&#8221; theme_builder_area=&#8221;post_content&#8221; title=&#8221;Cookie Policy&#8221; hover_enabled=&#8221;0&#8243; sticky_enabled=&#8221;0&#8243;][\/et_pb_heading][et_pb_text _builder_version=&#8221;4.27.4&#8243; _module_preset=&#8221;default&#8221; theme_builder_area=&#8221;post_content&#8221; hover_enabled=&#8221;0&#8243; sticky_enabled=&#8221;0&#8243;]<\/p>\n<p><span dir=\"auto\">El art\u00edculo 22.2\u00ba de la Ley 34\/2002, de 11 de julio, de servicios de la sociedad de la informaci\u00f3n y de comercio electr\u00f3nico (LSSI) establece que se podr\u00e1n utilizar dispositivos de almacenamiento y recuperaci\u00f3n de datos en equipos terminales de los destinatarios, a condici\u00f3n de que los mismos hayan dado su consentimiento despu\u00e9s de que se les haya facilitado informaci\u00f3n clara y completa sobre su utilizaci\u00f3n, en particular, sobre los fines del tratamiento de los datos, con arreglo a lo dispuesto en la normativa vigente de protecci\u00f3n de datos de car\u00e1cter personal. A este respecto, puede que se depositen cookies en su equipo.<\/span><\/p>\n<p><span dir=\"auto\">Los datos identificativos del editor del sitio web y responsable del tratamiento pueden encontrarse completos en el Aviso legal y en la pol\u00edtica de privacidad de este sitio web.<\/span><br \/><span dir=\"auto\">En caso en que sea obligatoria la obtenci\u00f3n del consentimiento, se ha elegido el mecanismo de informaci\u00f3n por capas.<\/span><\/p>\n<h2><span dir=\"auto\">1 \u00bfQu\u00e9 son las cookies?<\/span><\/h2>\n<p><span dir=\"auto\">Se trata de peque\u00f1os archivos que almacenan y recuperan informaci\u00f3n cuando el usuario navega. En general estas tecnolog\u00edas pueden servir para finalidades muy diversas, como, por ejemplo, recordarle como usuario, obtener informaci\u00f3n sobre los h\u00e1bitos de navegaci\u00f3n, personalizar la forma en que se muestra el contenido o simplemente permitir las opciones de navegaci\u00f3n elegidas por el usuario. Puede eliminar las cookies seleccionando la opci\u00f3n que su navegador tiene al efecto. En cualquier momento puede eliminar todas las cookies mediante la opci\u00f3n al efecto de su navegador.<\/span><\/p>\n<h2><span dir=\"auto\">2 Identificaci\u00f3n de los tipos de cookies utilizadas y finalidades:<\/span><\/h2>\n<p><span dir=\"auto\">Este sitio web utiliza cookies que permiten el funcionamiento y la prestaci\u00f3n de los servicios ofrecidos a trav\u00e9s de este sitio web.<\/span><\/p>\n<p class=\"translation-block\">Puede consultar en el cuadro de cookies la identificaci\u00f3n de qui\u00e9n utiliza las cookies, si solo el editor de este sitio web o terceros.<\/p>\n<p><strong><span dir=\"auto\">Informaci\u00f3n sobre la forma de aceptar, denegar o revocar el consentimiento para el uso de cookies<\/span><\/strong><span dir=\"auto\">\u00a0enunciadas a trav\u00e9s de las funcionalidades facilitadas en este sitio web o a trav\u00e9s de las plataformas comunes que pudieran existir para esta finalidad: en caso en que el sistema de gesti\u00f3n o configuraci\u00f3n de las cookies del editor no permita evitar la utilizaci\u00f3n de las cookies de terceros una vez aceptadas por el usuario, se facilita en esta pol\u00edtica de cookies informaci\u00f3n sobre las herramientas proporcionadas por el navegador y los terceros y se advierte al usuario que, si este acepta cookies de terceros y posteriormente desea eliminarlas, deber\u00e1 hacerlo desde su propio navegador o el sistema habilitado por los terceros para ello, teniendo en cuenta que, si acepta las cookies de terceros, deber\u00e1 eliminarlas desde las opciones del navegador o desde el sistema ofrecido por el propio tercero.<\/span><\/p>\n<p><span dir=\"auto\">Pueden consultarse las cookies concretas accionando F12 una vez que ya hayamos accedido al sitio web por medio del navegador de Google y seleccionando la opci\u00f3n cookies en la parte inferior.<\/span><\/p>\n<h3><span dir=\"auto\">Plazo de conservaci\u00f3n:<\/span><\/h3>\n<p><strong><span dir=\"auto\">a) Cookies propias<\/span><\/strong><span dir=\"auto\">\u00a0: durante la sesi\u00f3n o durante el plazo que marque el cuadro de cookies<\/span><\/p>\n<p><strong><span dir=\"auto\">b) Cookies de terceros<\/span><\/strong><span dir=\"auto\">\u00a0, durante el plazo de duraci\u00f3n, y son gestionadas por el tercero.<\/span><\/p>\n<p><strong><span dir=\"auto\">Cesionarios<\/span><\/strong><span dir=\"auto\">\u00a0: no se prev\u00e9n distintos a los terceros propietarios de cookies de esos terceros.<\/span><\/p>\n<p><strong><span dir=\"auto\">Base jur\u00eddica<\/span><\/strong><span dir=\"auto\">\u00a0: no se prev\u00e9n distintos a los terceros propietarios de cookies de esos terceros.<\/span><\/p>\n<p><strong><span dir=\"auto\">Informaci\u00f3n restante sobre protecci\u00f3n de datos<\/span><\/strong><span dir=\"auto\">\u00a0accesible en la Pol\u00edtica de Privacidad de este sitio web.<\/span><\/p>\n<h2><span dir=\"auto\">3 Gu\u00eda de cookies:<\/span><\/h2>\n<p class=\"translation-block\"><span dir=\"auto\">\u25cf Cookies exceptuadas de informaci\u00f3n y consentimiento: estar\u00edan aquellas que tienen por finalidad:<\/span><br><span dir=\"auto\">\u25cf Cookies que permitan \u00fanicamente la comunicaci\u00f3n entre el usuario y la red.<\/span><br><span dir=\"auto\">\u25cf Cookies que estrictamente presten un servicio expresamente solicitado por el usuario.<\/span><br><span dir=\"auto\">\u25cf Cookies de \"entrada del usuario\"<\/span><br><span dir=\"auto\">\u25cf Cookies de autenticaci\u00f3n o identificaci\u00f3n de usuario (\u00fanicamente de sesi\u00f3n)<\/span><br><span dir=\"auto\">\u25cf Cookies de seguridad del usuario<\/span><br><span dir=\"auto\">\u25cf Cookies de sesi\u00f3n de reproductor multimedia<\/span><br><span dir=\"auto\">\u25cf Cookies de sesi\u00f3n para equilibrar la carga<\/span><br><span dir=\"auto\">\u25cf Cookies de personalizaci\u00f3n de la interfaz de usuario<\/span><br><span dir=\"auto\">\u25cf Cookies de complemento (plug-in) para intercambiar contenidos sociales, cuando el usuario haya decidido mantener la sesi\u00f3n abierta.<\/span><\/p>\n<p><span dir=\"auto\">Clasificaci\u00f3n de las cookies objeto de informaci\u00f3n y consentimiento, seg\u00fan informe de la Agencia Espa\u00f1ola de Protecci\u00f3n de Datos:<\/span><\/p>\n<h3><span dir=\"auto\">3.1. Tipos de cookies seg\u00fan la entidad que las gestione:<\/span><\/h3>\n<p><strong><span dir=\"auto\">Cookies propias:<\/span><\/strong><span dir=\"auto\">\u00a0Son aqu\u00e9llas que se env\u00edan al equipo terminal del usuario desde un equipo o dominio gestionado por el propio editor y desde el que se presta el servicio solicitado por el usuario.<\/span><\/p>\n<p><strong><span dir=\"auto\">Cookies de tercero<\/span><\/strong><span dir=\"auto\">\u00a0: Son aqu\u00e9llas que se env\u00edan al equipo terminal del usuario desde un equipo o dominio que no es gestionado por el editor, sino por otra entidad que trata los datos obtenidos a trav\u00e9s de las cookies.<\/span><\/p>\n<p><span dir=\"auto\">En el caso de que las cookies sean instaladas desde un equipo o dominio gestionado por el propio editor, pero la informaci\u00f3n que se recoja mediante \u00e9stas sea gestionada por un tercero, no pueden ser consideradas como cookies propias si el tercero las utiliza para sus propias finalidades.<\/span><\/p>\n<p><span dir=\"auto\">El usuario puede informarse de las transferencias a terceros pa\u00edses que en su caso realizan los terceros identificados en esta pol\u00edtica de cookies, consultando sus propias pol\u00edticas de cookies.<\/span><\/p>\n<p><span dir=\"auto\">Tenga en cuenta que, si acepta las cookies de terceros, deber\u00e1 eliminarlas desde las opciones del navegador o desde el sistema ofrecido por el propio tercero.<\/span><\/p>\n<h3><span dir=\"auto\">3.2. Tipos de cookies seg\u00fan el plazo de tiempo que permanecen activadas en el terminal del usuario:<\/span><\/h3>\n<p><strong><span dir=\"auto\">Cookies de sesi\u00f3n:<\/span><\/strong><span dir=\"auto\">\u00a0Son un tipo de cookies dise\u00f1adas para recabar y almacenar datos mientras el usuario accede a una p\u00e1gina web, para almacenar informaci\u00f3n que solo interesa conservar para la prestaci\u00f3n del servicio solicitado por el usuario en una sola ocasi\u00f3n y desaparecen al terminar la sesi\u00f3n.<\/span><\/p>\n<p><strong><span dir=\"auto\">Cookies persistentes:<\/span><\/strong><span dir=\"auto\">\u00a0: Son un tipo de cookies en el que los datos siguen almacenados en el terminal y pueden ser accedidos y tratados durante un periodo definido por el responsable de la cookie, y que puede ir de unos minutos a varios a\u00f1os. Para que una cookie pueda estar exenta del deber del consentimiento informado, su caducidad debe estar relacionada con su finalidad.<\/span><\/p>\n<h3><span dir=\"auto\">3.3. Tipos de cookies seg\u00fan su finalidad:<\/span><\/h3>\n<p><strong><span dir=\"auto\">Cookies t\u00e9cnicas:<\/span><\/strong><span dir=\"auto\">\u00a0Son aqu\u00e9llas que permiten al usuario la navegaci\u00f3n a trav\u00e9s de una p\u00e1gina web, plataforma o aplicaci\u00f3n y la utilizaci\u00f3n de las diferentes opciones o servicios que en ella existan como, por ejemplo, controlar el tr\u00e1fico y la comunicaci\u00f3n de datos, identificar la sesi\u00f3n, acceder a partes de acceso restringido, recordar los elementos que integran un pedido, realizar el proceso de compra de un pedido, realizar la solicitud de inscripci\u00f3n o participaci\u00f3n en un evento, utilizar elementos de seguridad durante la navegaci\u00f3n, almacenar contenidos para la difusi\u00f3n de videos o sonido, compartir contenidos a trav\u00e9s de redes sociales o que permiten la gesti\u00f3n de los espacios publicitarios que el editor haya incluido en el sitio web (sin que se recopile informaci\u00f3n de los usuarios con fines distintos). Estas cookies est\u00e1n exceptuadas de consentimiento cuando permitan prestar el servicio solicitado por el usuario. Pero si estas cookies se utilizan tambi\u00e9n para finalidades no exentas (por ejemplo, para fines publicitarios comportamentales), quedar\u00e1n sujetas a la obligaci\u00f3n de informaci\u00f3n y consentimiento.<\/span><\/p>\n<p><strong><span dir=\"auto\">Cookies de preferencias o personalizaci\u00f3n<\/span><\/strong><span dir=\"auto\">\u00a0: Son aqu\u00e9llas que permiten recordar informaci\u00f3n para que el usuario acceda al servicio con algunas caracter\u00edsticas de car\u00e1cter general predefinidas en funci\u00f3n de una serie de criterios en el terminal del usuario como por ejemplo serian el idioma, el tipo de navegador a trav\u00e9s del cual accede al servicio, la configuraci\u00f3n regional desde donde accede al servicio, etc. Si es el usuario quien elige esas caracter\u00edsticas (por ejemplo, si selecciona el idioma de un sitio web, clicando en el icono de la bandera del pa\u00eds correspondiente), las cookies estar\u00e1n exceptuadas del consentimiento por considerarse un servicio expresamente solicitado por el usuario y ello siempre que las cookies obedezcan exclusivamente a la finalidad seleccionada. Si son cookies sobre las que la toma de la decisi\u00f3n ha sido por el usuario, no se necesita consentimiento. Sin embargo, cuando es el editor de este sitio web el que adopta este tipo de decisiones sobre las cookies de personalizaci\u00f3n, bas\u00e1ndose en la informaci\u00f3n que obtiene del usuario, se informar\u00e1 sobre ello, ofreciendo la opci\u00f3n de aceptarlo o rechazarlo.<\/span><\/p>\n<p><strong><span dir=\"auto\">Cookies de an\u00e1lisis o medici\u00f3n<\/span><\/strong><span dir=\"auto\">\u00a0Son aqu\u00e9llas que permiten al responsable de ellas, el seguimiento y an\u00e1lisis del comportamiento de los usuarios de los sitios web a los que est\u00e1n vinculadas. La informaci\u00f3n recogida mediante este tipo de cookies se utiliza en la medici\u00f3n de la actividad de los sitios web, aplicaci\u00f3n o plataforma y para la elaboraci\u00f3n de perfiles de navegaci\u00f3n de los usuarios de dichos sitios, aplicaciones y plataformas, con el fin de introducir mejoras en funci\u00f3n del an\u00e1lisis de los datos de uso que hacen los usuarios del servicio. No est\u00e1n exentas del deber de obtener un consentimiento informado para su uso, y, a pesar de la poca probabilidad de que representen un riesgo para la privacidad de los usuarios siempre que se trate de cookies de primera parte, debe ser posible que los usuarios se opongan a su tratamiento o manifiesten su negativa.<\/span><\/p>\n<p><strong><span dir=\"auto\">Cookies publicitarias o de comportamiento<\/span><\/strong><span dir=\"auto\">\u00a0Son aqu\u00e9llas que permiten la gesti\u00f3n, de la forma m\u00e1s eficaz posible, de los espacios publicitarios que, en su caso, el editor haya incluido en una p\u00e1gina web, aplicaci\u00f3n o plataforma desde la que presta el servicio solicitado en base a criterios como el contenido editado o la frecuencia en la que se muestran los anuncios. Almacenan informaci\u00f3n del comportamiento de los usuarios obtenida a trav\u00e9s de la observaci\u00f3n continuada de sus h\u00e1bitos de navegaci\u00f3n, permitiendo mostrar un perfil espec\u00edfico del usuario observado para mostrar publicidad en funci\u00f3n de dicho perfil.<\/span><\/p>\n<p><strong><span dir=\"auto\">3.4. Puede usted consultar todas las cookies utilizadas y puede permitir<\/span><\/strong><span dir=\"auto\">\u00a0, bloquear, revocar su consentimiento o eliminar las cookies instaladas en su equipo y sus datos de navegaci\u00f3n mediante la configuraci\u00f3n de las opciones del navegador que usted utiliza. Tenga en cuenta que, si acepta las cookies de terceros, deber\u00e1 eliminarlas desde las opciones de su navegador. Para m\u00e1s informaci\u00f3n pulse en el enlace que corresponda a su navegador:<\/span><\/p>\n<p><strong><span dir=\"auto\">Firefox<\/span><\/strong><span dir=\"auto\">\u00a0: http:\/\/support.mozilla.org\/es\/kb\/habilitar-y-deshabilitar-cookies-que-los-sitios-we<\/span><\/p>\n<p><strong><span dir=\"auto\">Chrome<\/span><\/strong><span dir=\"auto\">\u00a0: http:\/\/support.google.com\/chrome\/bin\/answer.py?hl=es&amp;answer=95647<\/span><\/p>\n<p><strong><span dir=\"auto\">Explorer<\/span><\/strong><span dir=\"auto\">\u00a0: http:\/\/windows.microsoft.com\/es-es\/windows7\/how-to-manage-cookies-in-internet-explorer-9<\/span><\/p>\n<p><strong><span dir=\"auto\">Safari<\/span><\/strong><span dir=\"auto\">\u00a0: http:\/\/support.apple.com\/kb\/ph5042<\/span><\/p>\n<p><strong><span dir=\"auto\">Safari for IOS<\/span><\/strong><span dir=\"auto\">\u00a0: http:\/\/support.apple.com\/kb\/HT1677?viewlocale=es_ES&amp;locale=es_ES<\/span><\/p>\n<p><strong><span dir=\"auto\">Flash Player Cookies<\/span><\/strong><span dir=\"auto\">\u00a0: http:\/\/www.macromedia.com\/support\/documentation\/es\/flashplayer\/help\/settings_manager07.html<\/span><br \/><span dir=\"auto\">Puede tambi\u00e9n revocar su consentimiento para el uso de Cookies en su navegador a trav\u00e9s de la instalaci\u00f3n de un sistema de rechazo, opt-out, en dicho navegador.<\/span><\/p>\n<h4><span dir=\"auto\">Algunos terceros facilitan este rechazo a trav\u00e9s de los siguientes enlaces:<\/span><\/h4>\n<p><strong><span dir=\"auto\">Google Analytics Opt-out<\/span><\/strong><span dir=\"auto\">\u00a0: https:\/\/tools.google.com\/dlpage\/gaoptout?hl=None<\/span><\/p>\n<p><strong><span dir=\"auto\">Doubleclick Opt-out<\/span><\/strong><span dir=\"auto\">\u00a0: http:\/\/www.google.com\/settings\/ads\/plugin<\/span><\/p>\n<p><strong><span dir=\"auto\">Opt-out of Flash Cookies<\/span><\/strong><span dir=\"auto\">\u00a0: http:\/\/www.macromedia.com\/support\/documentation\/es\/flashplayer\/help\/settings_manager07.html<\/span><\/p>\n<p><span dir=\"auto\">Seleccione la opci\u00f3n \u201cEliminar todos los sitios\u201d o seleccione la p\u00e1gina web espec\u00edfica que desee borrar y \u201cEliminar sitio web\u201d.<\/span><\/p>\n<p><span dir=\"auto\">No obstante, tenga en cuenta que, en caso de que decida configurar su navegador para que rechace las Cookies de este sitio web, no podremos mantener sus preferencias en caso en que sean necesarias para prestar el servicio, y algunas p\u00e1ginas pueden no estar disponibles.<\/span><\/p>\n<p>[\/et_pb_text][\/et_pb_column][\/et_pb_row][\/et_pb_section]<\/p>","protected":false},"excerpt":{"rendered":"<p>Article 22.2 of Law 34\/2002, of July 11, on information society services and electronic commerce (LSSI) establishes that data storage and retrieval devices may be used on recipients&#8217; terminal equipment, provided that they have given their consent after being provided with clear and complete information about their use, in particular, about the purposes of data [&hellip;]<\/p>","protected":false},"author":1,"featured_media":0,"parent":0,"menu_order":0,"comment_status":"closed","ping_status":"closed","template":"","meta":{"_et_pb_use_builder":"on","_et_pb_old_content":"","_et_gb_content_width":"","content-type":"","footnotes":""},"class_list":["post-3153","page","type-page","status-publish","hentry"],"_links":{"self":[{"href":"https:\/\/icechill.eu\/es\/wp-json\/wp\/v2\/pages\/3153","targetHints":{"allow":["GET"]}}],"collection":[{"href":"https:\/\/icechill.eu\/es\/wp-json\/wp\/v2\/pages"}],"about":[{"href":"https:\/\/icechill.eu\/es\/wp-json\/wp\/v2\/types\/page"}],"author":[{"embeddable":true,"href":"https:\/\/icechill.eu\/es\/wp-json\/wp\/v2\/users\/1"}],"replies":[{"embeddable":true,"href":"https:\/\/icechill.eu\/es\/wp-json\/wp\/v2\/comments?post=3153"}],"version-history":[{"count":4,"href":"https:\/\/icechill.eu\/es\/wp-json\/wp\/v2\/pages\/3153\/revisions"}],"predecessor-version":[{"id":3158,"href":"https:\/\/icechill.eu\/es\/wp-json\/wp\/v2\/pages\/3153\/revisions\/3158"}],"wp:attachment":[{"href":"https:\/\/icechill.eu\/es\/wp-json\/wp\/v2\/media?parent=3153"}],"curies":[{"name":"wp","href":"https:\/\/api.w.org\/{rel}","templated":true}]}}