{"id":1632,"date":"2025-03-27T12:18:54","date_gmt":"2025-03-27T12:18:54","guid":{"rendered":"https:\/\/icechill.eu\/?post_type=product&#038;p=1632"},"modified":"2025-09-15T06:44:02","modified_gmt":"2025-09-15T06:44:02","slug":"icechill-ice-barrel","status":"publish","type":"product","link":"https:\/\/icechill.eu\/es\/producto\/icechill-ice-barrel\/","title":{"rendered":"Barril de hielo Icechill"},"content":{"rendered":"<p>[et_pb_section fb_built=&#8221;1&#8243; admin_label=&#8221;Section WooComerce&#8221; _builder_version=&#8221;4.16&#8243; custom_padding=&#8221;0px||||false|false&#8221; collapsed=&#8221;off&#8221; global_colors_info=&#8221;{}&#8221;][et_pb_row _builder_version=&#8221;4.16&#8243; background_size=&#8221;initial&#8221; background_position=&#8221;top_left&#8221; background_repeat=&#8221;repeat&#8221; custom_padding=&#8221;0px||0px||false|false&#8221; collapsed=&#8221;off&#8221; global_colors_info=&#8221;{}&#8221;][et_pb_column type=&#8221;4_4&#8243; _builder_version=&#8221;4.16&#8243; custom_padding=&#8221;|||&#8221; global_colors_info=&#8221;{}&#8221; custom_padding__hover=&#8221;|||&#8221;][et_pb_wc_breadcrumb _builder_version=&#8221;4.16&#8243; global_colors_info=&#8221;{}&#8221;][\/et_pb_wc_breadcrumb][et_pb_wc_cart_notice _builder_version=&#8221;4.16&#8243; global_colors_info=&#8221;{}&#8221;][\/et_pb_wc_cart_notice][\/et_pb_column][\/et_pb_row][et_pb_row column_structure=&#8221;1_2,1_2&#8243; _builder_version=&#8221;4.27.4&#8243; background_size=&#8221;initial&#8221; background_position=&#8221;top_left&#8221; background_repeat=&#8221;repeat&#8221; custom_padding=&#8221;0px||||false|false&#8221; custom_css_main_element=&#8221;padding-top: 0px !important&#8221; collapsed=&#8221;off&#8221; global_colors_info=&#8221;{}&#8221;][et_pb_column type=&#8221;1_2&#8243; _builder_version=&#8221;4.16&#8243; custom_padding=&#8221;|||&#8221; global_colors_info=&#8221;{}&#8221; custom_padding__hover=&#8221;|||&#8221;][et_pb_wc_images _builder_version=&#8221;4.16&#8243; global_colors_info=&#8221;{}&#8221;][\/et_pb_wc_images][\/et_pb_column][et_pb_column type=&#8221;1_2&#8243; _builder_version=&#8221;4.16&#8243; custom_padding=&#8221;|||&#8221; global_colors_info=&#8221;{}&#8221; custom_padding__hover=&#8221;|||&#8221;][et_pb_wc_title _builder_version=&#8221;4.16&#8243; global_colors_info=&#8221;{}&#8221;][\/et_pb_wc_title][et_pb_wc_rating _builder_version=&#8221;4.16&#8243; global_colors_info=&#8221;{}&#8221;][\/et_pb_wc_rating][et_pb_wc_price disabled_on=&#8221;on|on|on&#8221; _builder_version=&#8221;4.16&#8243; global_colors_info=&#8221;{}&#8221; disabled=&#8221;on&#8221;][\/et_pb_wc_price][et_pb_wc_description description_type=&#8221;description&#8221; _builder_version=&#8221;4.27.4&#8243; body_font_size=&#8221;16px&#8221; background_enable_color=&#8221;off&#8221; custom_padding=&#8221;||||false|false&#8221; border_radii=&#8221;on|20px|20px|20px|20px&#8221; global_colors_info=&#8221;{}&#8221;][\/et_pb_wc_description][et_pb_wc_add_to_cart disabled_on=&#8221;on|on|on&#8221; _builder_version=&#8221;4.16&#8243; global_colors_info=&#8221;{}&#8221; disabled=&#8221;on&#8221;][\/et_pb_wc_add_to_cart][\/et_pb_column][\/et_pb_row][\/et_pb_section][et_pb_section fb_built=&#8221;1&#8243; custom_padding_last_edited=&#8221;on|phone&#8221; admin_label=&#8221;Section Why us&#8221; _builder_version=&#8221;4.27.4&#8243; _module_preset=&#8221;default&#8221; module_alignment=&#8221;center&#8221; custom_padding=&#8221;|30px||30px|false|true&#8221; custom_padding_tablet=&#8221;|30px||30px|false|true&#8221; custom_padding_phone=&#8221;0px|0px||0px|false|false&#8221; custom_css_main_element=&#8221;padding-top: 0px !important;&#8221; collapsed=&#8221;off&#8221; global_colors_info=&#8221;{}&#8221;][et_pb_row _builder_version=&#8221;4.27.4&#8243; _module_preset=&#8221;default&#8221; max_width=&#8221;1180px&#8221; global_colors_info=&#8221;{}&#8221;][et_pb_column type=&#8221;4_4&#8243; _builder_version=&#8221;4.27.4&#8243; _module_preset=&#8221;default&#8221; global_colors_info=&#8221;{}&#8221;][et_pb_heading title=&#8221;Why choose our Icechill Barrel bath&#8221; _builder_version=&#8221;4.27.4&#8243; _module_preset=&#8221;default&#8221; title_level=&#8221;h2&#8243; title_font=&#8221;Raleway|600|||||||&#8221; title_text_color=&#8221;#204932&#8243; title_font_size=&#8221;40px&#8221; global_colors_info=&#8221;{}&#8221;][\/et_pb_heading][et_pb_text _builder_version=&#8221;4.27.4&#8243; _module_preset=&#8221;default&#8221; text_font=&#8221;Raleway||||||||&#8221; text_text_color=&#8221;#000000&#8243; text_font_size=&#8221;16px&#8221; global_colors_info=&#8221;{}&#8221;]<\/p>\n<p class=\"translation-block\">Nuestro <strong>barril de hielo<\/strong> premium es un barril de inmersi\u00f3n en fr\u00edo dise\u00f1ado para ofrecer resultados profesionales.<\/p>\n<p class=\"translation-block\">Combina a la perfecci\u00f3n dise\u00f1o, durabilidad y rendimiento. Nuestro <strong>barril de hielo<\/strong> incluye un enfriador integrado que mantiene temperaturas fr\u00edas precisas, garantizando que tus sesiones de recuperaci\u00f3n sean siempre consistentes. Con la confianza de atletas, entusiastas del bienestar y amantes de la terapia de fr\u00edo, es la soluci\u00f3n ideal para tu ritual <strong>de inmersi\u00f3n en hielo<\/strong>.<\/p>\n<p>[\/et_pb_text][\/et_pb_column][\/et_pb_row][et_pb_row column_structure=&#8221;1_2,1_2&#8243; _builder_version=&#8221;4.27.4&#8243; _module_preset=&#8221;default&#8221; max_width=&#8221;1180px&#8221; global_colors_info=&#8221;{}&#8221;][et_pb_column type=&#8221;1_2&#8243; _builder_version=&#8221;4.27.4&#8243; _module_preset=&#8221;default&#8221; global_colors_info=&#8221;{}&#8221;][et_pb_toggle title=&#8221;1. Traditional Ice Bath Experience&#8221; open_toggle_text_color=&#8221;#FFFFFF&#8221; _builder_version=&#8221;4.27.4&#8243; _module_preset=&#8221;default&#8221; title_text_color=&#8221;#FFFFFF&#8221; title_level=&#8221;h3&#8243; title_font_size=&#8221;20px&#8221; body_text_color=&#8221;#FFFFFF&#8221; background_color=&#8221;#27593d&#8221; custom_padding=&#8221;40px||40px||true|false&#8221; border_radii=&#8221;on|15px|15px|15px|15px&#8221; global_colors_info=&#8221;{}&#8221;]<\/p>\n<p class=\"translation-block\">Nuestro barril de hielo ofrece una inmersi\u00f3n profunda y vertical que potencia el ritual cl\u00e1sico del ba\u00f1o fr\u00edo, maximizando la exposici\u00f3n al fr\u00edo y la resiliencia mental.<\/p>\n<p>[\/et_pb_toggle][et_pb_toggle title=&#8221;2. Compact and Space-Saving&#8221; open_toggle_text_color=&#8221;#FFFFFF&#8221; _builder_version=&#8221;4.27.4&#8243; _module_preset=&#8221;default&#8221; title_text_color=&#8221;#FFFFFF&#8221; title_level=&#8221;h3&#8243; title_font_size=&#8221;20px&#8221; body_text_color=&#8221;#FFFFFF&#8221; background_color=&#8221;#27593d&#8221; custom_padding=&#8221;40px||40px||true|false&#8221; border_radii=&#8221;on|15px|15px|15px|15px&#8221; global_colors_info=&#8221;{}&#8221;]<\/p>\n<p class=\"translation-block\">El dise\u00f1o del barril de hielo es ideal para espacios reducidos \u2014 perfecto para el hogar, el gimnasio o centros de bienestar, sin comprometer el rendimiento.<\/p>\n<p>[\/et_pb_toggle][et_pb_toggle title=&#8221;3. Built-in Ice Bath Chiller&#8221; open_toggle_text_color=&#8221;#FFFFFF&#8221; _builder_version=&#8221;4.27.4&#8243; _module_preset=&#8221;default&#8221; title_text_color=&#8221;#FFFFFF&#8221; title_level=&#8221;h3&#8243; title_font_size=&#8221;20px&#8221; body_text_color=&#8221;#FFFFFF&#8221; background_color=&#8221;#27593d&#8221; custom_padding=&#8221;40px||40px||true|false&#8221; border_radii=&#8221;on|15px|15px|15px|15px&#8221; global_colors_info=&#8221;{}&#8221;]<\/p>\n<p class=\"translation-block\">Olv\u00eddate de comprar bolsas de hielo. Nuestro barril de ba\u00f1o de hielo incluye un enfriador (chiller) eficiente que mantiene el agua a la temperatura \u00f3ptima las 24 horas del d\u00eda.<\/p>\n<p class=\"translation-block\">Nuestro sistema mantiene una temperatura y una higiene \u00f3ptimas con un mantenimiento m\u00ednimo, lo que lo hace ideal para las rutinas diarias de ba\u00f1o helado y para las instalaciones de recuperaci\u00f3n profesionales.<\/p>\n<p>[\/et_pb_toggle][\/et_pb_column][et_pb_column type=&#8221;1_2&#8243; _builder_version=&#8221;4.27.4&#8243; _module_preset=&#8221;default&#8221; global_colors_info=&#8221;{}&#8221;][et_pb_toggle title=&#8221;4. Consistent Cold Plunge Therapy&#8221; open_toggle_text_color=&#8221;#FFFFFF&#8221; _builder_version=&#8221;4.27.4&#8243; _module_preset=&#8221;default&#8221; title_text_color=&#8221;#FFFFFF&#8221; title_level=&#8221;h3&#8243; title_font_size=&#8221;20px&#8221; body_text_color=&#8221;#FFFFFF&#8221; background_color=&#8221;#27593d&#8221; custom_padding=&#8221;40px||40px||true|false&#8221; border_radii=&#8221;on|15px|15px|15px|15px&#8221; global_colors_info=&#8221;{}&#8221;]<\/p>\n<p class=\"translation-block\">Dise\u00f1ado para ofrecer una terapia de fr\u00edo \u00f3ptima, nuestro barril mantiene temperaturas estables para un uso diario efectivo y resultados a largo plazo.<\/p>\n<p>[\/et_pb_toggle][et_pb_toggle title=&#8221;5. Durable and Weather-Resistant Materials&#8221; open_toggle_text_color=&#8221;#FFFFFF&#8221; _builder_version=&#8221;4.27.4&#8243; _module_preset=&#8221;default&#8221; title_text_color=&#8221;#FFFFFF&#8221; title_level=&#8221;h3&#8243; title_font_size=&#8221;20px&#8221; body_text_color=&#8221;#FFFFFF&#8221; background_color=&#8221;#27593d&#8221; custom_padding=&#8221;40px||40px||true|false&#8221; border_radii=&#8221;on|15px|15px|15px|15px&#8221; global_colors_info=&#8221;{}&#8221;]<\/p>\n<p class=\"translation-block\">Dise\u00f1ado para uso tanto en interiores como en exteriores, este ba\u00f1o de hielo con enfriador est\u00e1 fabricado con materiales de primera calidad para resistir en cualquier entorno.<\/p>\n<p>[\/et_pb_toggle][et_pb_toggle title=&#8221;6. Enhanced Recovery and Wellness&#8221; open_toggle_text_color=&#8221;#FFFFFF&#8221; _builder_version=&#8221;4.27.4&#8243; _module_preset=&#8221;default&#8221; title_text_color=&#8221;#FFFFFF&#8221; title_level=&#8221;h3&#8243; title_font_size=&#8221;20px&#8221; body_text_color=&#8221;#FFFFFF&#8221; background_color=&#8221;#27593d&#8221; custom_padding=&#8221;40px||40px||true|false&#8221; border_radii=&#8221;on|15px|15px|15px|15px&#8221; global_colors_info=&#8221;{}&#8221;]<\/p>\n<p class=\"translation-block\">Nuestro barril de hielo favorece una recuperaci\u00f3n m\u00e1s r\u00e1pida, reduce la inflamaci\u00f3n y mejora la circulaci\u00f3n.<\/p>\n<p>[\/et_pb_toggle][\/et_pb_column][\/et_pb_row][et_pb_row _builder_version=&#8221;4.27.4&#8243; _module_preset=&#8221;default&#8221; global_colors_info=&#8221;{}&#8221;][et_pb_column type=&#8221;4_4&#8243; _builder_version=&#8221;4.27.4&#8243; _module_preset=&#8221;default&#8221; global_colors_info=&#8221;{}&#8221;][et_pb_wc_related_products _builder_version=&#8221;4.16&#8243; global_colors_info=&#8221;{}&#8221;][\/et_pb_wc_related_products][\/et_pb_column][\/et_pb_row][\/et_pb_section]<\/p>","protected":false},"excerpt":{"rendered":"<p>Discover the ultimate ice barrel bath for cold plunge therapy. Durable, insulated and deep \u2014 your perfect ice bath for recovery and wellness.<\/p>","protected":false},"featured_media":2004,"template":"","meta":{"_et_pb_use_builder":"on","_et_pb_old_content":"The <strong data-start=\"1341\" data-end=\"1360\">ICECHILL Ice Barrel<\/strong> bath brings back the raw, full-body immersion experience in a vertical format that maximizes cold exposure while saving space. Designed for those who love simplicity and depth, this barrel-style ice bath keeps your entire body \u2014 including shoulders and neck \u2014 submerged with minimal water use. Built with high-density insulation and a sealed lid option, it's a rugged and effective tool for your cold therapy routine.\r\n<p data-start=\"1775\" data-end=\"1792\"><strong data-start=\"1775\" data-end=\"1792\">Key Features:<\/strong><\/p>\r\n\r\n<ul data-start=\"1794\" data-end=\"2030\">\r\n \t<li data-start=\"1794\" data-end=\"1835\">\r\n<p data-start=\"1796\" data-end=\"1835\">Deep immersion for full-body exposure<\/p>\r\n<\/li>\r\n \t<li data-start=\"1836\" data-end=\"1871\">\r\n<p data-start=\"1838\" data-end=\"1871\">Traditional barrel-style format<\/p>\r\n<\/li>\r\n \t<li data-start=\"1872\" data-end=\"1907\">\r\n<p data-start=\"1874\" data-end=\"1907\">Space-saving vertical footprint<\/p>\r\n<\/li>\r\n \t<li data-start=\"1908\" data-end=\"1938\">\r\n<p data-start=\"1910\" data-end=\"1938\">Easy to clean and maintain<\/p>\r\n<\/li>\r\n \t<li data-start=\"1939\" data-end=\"1980\">\r\n<p data-start=\"1941\" data-end=\"1980\">Highly insulated walls to retain cold<\/p>\r\n<\/li>\r\n \t<li data-start=\"1981\" data-end=\"2030\">\r\n<p data-start=\"1983\" data-end=\"2030\">Optional lid and filtration add-ons available<\/p>\r\n<\/li>\r\n<\/ul>\r\n<p data-start=\"2032\" data-end=\"2152\"><strong data-start=\"2107\" data-end=\"2120\">Shipping:<\/strong> Ships in 48-72h across Europe<\/p>","_et_gb_content_width":"","content-type":""},"product_brand":[],"product_cat":[22],"product_tag":[],"class_list":{"0":"post-1632","1":"product","2":"type-product","3":"status-publish","4":"has-post-thumbnail","6":"product_cat-ice-baths","8":"first","9":"instock","10":"shipping-taxable","11":"purchasable","12":"product-type-simple"},"_links":{"self":[{"href":"https:\/\/icechill.eu\/es\/wp-json\/wp\/v2\/product\/1632","targetHints":{"allow":["GET"]}}],"collection":[{"href":"https:\/\/icechill.eu\/es\/wp-json\/wp\/v2\/product"}],"about":[{"href":"https:\/\/icechill.eu\/es\/wp-json\/wp\/v2\/types\/product"}],"wp:featuredmedia":[{"embeddable":true,"href":"https:\/\/icechill.eu\/es\/wp-json\/wp\/v2\/media\/2004"}],"wp:attachment":[{"href":"https:\/\/icechill.eu\/es\/wp-json\/wp\/v2\/media?parent=1632"}],"wp:term":[{"taxonomy":"product_brand","embeddable":true,"href":"https:\/\/icechill.eu\/es\/wp-json\/wp\/v2\/product_brand?post=1632"},{"taxonomy":"product_cat","embeddable":true,"href":"https:\/\/icechill.eu\/es\/wp-json\/wp\/v2\/product_cat?post=1632"},{"taxonomy":"product_tag","embeddable":true,"href":"https:\/\/icechill.eu\/es\/wp-json\/wp\/v2\/product_tag?post=1632"}],"curies":[{"name":"wp","href":"https:\/\/api.w.org\/{rel}","templated":true}]}}